{"id":14,"date":"2017-05-22T22:45:14","date_gmt":"2017-05-22T22:45:14","guid":{"rendered":"http:\/\/ocnifm.cz\/?page_id=14"},"modified":"2026-03-23T05:29:28","modified_gmt":"2026-03-23T05:29:28","slug":"kontakt","status":"publish","type":"page","link":"http:\/\/ocnifm.cz\/","title":{"rendered":"Kontakt"},"content":{"rendered":"<div class=\"entry-content\">\n<h1><strong>O\u010dn\u00ed ordinace <\/strong><\/h1>\n<p><strong>L\u00e9ka\u0159: MUDr. Mariana Widlarzov\u00e1<\/strong><br \/>\n<strong>Sestra: Iveta \u0158eh\u00e1kov\u00e1<br \/>\n<\/strong><\/p>\n<\/div>\n<div class=\"entry-content\">\n<h6>Adresa:<\/h6>\n<p style=\"padding-left: 30px;\"><em><strong>6. podla\u017e\u00ed polikliniky F-M<\/strong><\/em><br \/>\n<em><strong> ul. 8. p\u011b\u0161\u00edho pluku 85, 738 01 Fr\u00fddek-M\u00edstek<\/strong><\/em><br \/>\n<em><strong> U polikliniky je mo\u017enost parkov\u00e1n\u00ed.<\/strong><\/em><br \/>\n<em> <strong>Tel. : +420 558 900 368<\/strong><\/em><\/p>\n<p><strong>\u00a0<\/strong><\/p>\n<figure id=\"attachment_107\" class=\"wp-caption alignnone\">\n<figure id=\"attachment_31\" aria-describedby=\"caption-attachment-31\" style=\"width: 525px\" class=\"wp-caption alignnone\"><a href=\"https:\/\/goo.gl\/maps\/ASzfGRF9s2pQBrFH8\" target=\"_blank\" rel=\"https:\/\/www.google.cz\/maps\/place\/MUDr.+Mariana+Widlarzov%C3%A1\/@49.6772546,18.3400038,17z\/data=!3m1!4b1!4m5!3m4!1s0x4713f7244e887e5b:0x26fb632b72ce96ec!8m2!3d49.6772546!4d18.3421925?authuser=1 noopener noreferrer\"><img loading=\"lazy\" decoding=\"async\" class=\"wp-image-31 size-large\" src=\"http:\/\/ocnifm.cz\/wp-content\/uploads\/2017\/05\/mapa-1024x487.jpg\" alt=\"O\u010dn\u00ed ambulance Fr\u00fddek-M\u00edstek_Mediofta FM_o\u010dn\u00ed l\u00e9ka\u0159_MUDr. Mariana Widlarzov\u00e1\" width=\"525\" height=\"250\" srcset=\"http:\/\/ocnifm.cz\/wp-content\/uploads\/2017\/05\/mapa-1024x487.jpg 1024w, http:\/\/ocnifm.cz\/wp-content\/uploads\/2017\/05\/mapa-300x143.jpg 300w, http:\/\/ocnifm.cz\/wp-content\/uploads\/2017\/05\/mapa-768x365.jpg 768w, http:\/\/ocnifm.cz\/wp-content\/uploads\/2017\/05\/mapa.jpg 1915w\" sizes=\"(max-width: 525px) 100vw, 525px\" \/><\/a><figcaption id=\"caption-attachment-31\" class=\"wp-caption-text\">O\u010dn\u00ed ambulance Fr\u00fddek-M\u00edstek<\/figcaption><\/figure>\n<p>O\u010dn\u00ed l\u00e9ka\u0159 Fr\u00fddek-M\u00edstek<\/figure>\n<\/div>\n","protected":false},"excerpt":{"rendered":"<p>O\u010dn\u00ed ordinace L\u00e9ka\u0159: MUDr. Mariana Widlarzov\u00e1 Sestra: Iveta \u0158eh\u00e1kov\u00e1 Adresa: 6. podla\u017e\u00ed polikliniky F-M ul. 8. p\u011b\u0161\u00edho pluku 85, 738 01 Fr\u00fddek-M\u00edstek U polikliniky je mo\u017enost parkov\u00e1n\u00ed. Tel. : +420 558 900 368 \u00a0 O\u010dn\u00ed l\u00e9ka\u0159 Fr\u00fddek-M\u00edstek<\/p>\n","protected":false},"author":1,"featured_media":34,"parent":0,"menu_order":1,"comment_status":"closed","ping_status":"closed","template":"","meta":{"footnotes":""},"_links":{"self":[{"href":"http:\/\/ocnifm.cz\/index.php?rest_route=\/wp\/v2\/pages\/14"}],"collection":[{"href":"http:\/\/ocnifm.cz\/index.php?rest_route=\/wp\/v2\/pages"}],"about":[{"href":"http:\/\/ocnifm.cz\/index.php?rest_route=\/wp\/v2\/types\/page"}],"author":[{"embeddable":true,"href":"http:\/\/ocnifm.cz\/index.php?rest_route=\/wp\/v2\/users\/1"}],"replies":[{"embeddable":true,"href":"http:\/\/ocnifm.cz\/index.php?rest_route=%2Fwp%2Fv2%2Fcomments&post=14"}],"version-history":[{"count":19,"href":"http:\/\/ocnifm.cz\/index.php?rest_route=\/wp\/v2\/pages\/14\/revisions"}],"predecessor-version":[{"id":313,"href":"http:\/\/ocnifm.cz\/index.php?rest_route=\/wp\/v2\/pages\/14\/revisions\/313"}],"wp:featuredmedia":[{"embeddable":true,"href":"http:\/\/ocnifm.cz\/index.php?rest_route=\/wp\/v2\/media\/34"}],"wp:attachment":[{"href":"http:\/\/ocnifm.cz\/index.php?rest_route=%2Fwp%2Fv2%2Fmedia&parent=14"}],"curies":[{"name":"wp","href":"https:\/\/api.w.org\/{rel}","templated":true}]}}