{"id":13,"date":"2017-05-22T22:45:14","date_gmt":"2017-05-22T22:45:14","guid":{"rendered":"http:\/\/ocnifm.cz\/?page_id=13"},"modified":"2017-05-25T14:29:56","modified_gmt":"2017-05-25T14:29:56","slug":"smluvni-pojistovny","status":"publish","type":"page","link":"http:\/\/ocnifm.cz\/?page_id=13","title":{"rendered":"Smluvn\u00ed poji\u0161\u0165ovny"},"content":{"rendered":"<div class=\"col-sm-6 col-md-3\">\n<article>\n<h5><a href=\"https:\/\/www.vzp.cz\/\" target=\"_blank\" rel=\"noopener noreferrer\">V\u0161eobecn\u00e1 zdravotn\u00ed poji\u0161\u0165ovna<\/a><\/h5>\n<p class=\"mod2\"><a href=\"https:\/\/www.vzp.cz\/\" target=\"_blank\" rel=\"https:\/\/www.vzp.cz\/ noopener noreferrer\"><img loading=\"lazy\" decoding=\"async\" class=\"alignnone\" src=\"http:\/\/www.oftimcare.cz\/images\/pojistovne\/vseobecna_zdravotni_pojistovna.png\" alt=\"\" width=\"233\" height=\"140\" border=\"0\" \/><\/a><\/p>\n<\/article>\n<\/div>\n<article><\/article>\n<article><\/article>\n<div class=\"col-sm-6 col-md-3\">\n<article>\n<h5><a href=\"https:\/\/www.vozp.cz\/cs\/\" target=\"_blank\" rel=\"noopener noreferrer\">Vojensk\u00e1 zdravotn\u00ed poji\u0161\u0165ovna \u010cesk\u00e9 republiky<\/a><\/h5>\n<p class=\"mod2\"><a href=\"https:\/\/www.vozp.cz\/cs\/\" target=\"_blank\" rel=\"https:\/\/www.vozp.cz\/cs\/ noopener noreferrer\"><img loading=\"lazy\" decoding=\"async\" class=\"alignnone\" src=\"http:\/\/www.oftimcare.cz\/images\/pojistovne\/vojenska_zdravotni_pojistovna.png\" alt=\"\" width=\"233\" height=\"140\" border=\"0\" \/><\/a><\/p>\n<\/article>\n<\/div>\n<article><\/article>\n<article><\/article>\n<div class=\"col-sm-6 col-md-3\">\n<article>\n<h5><a href=\"http:\/\/www.cpzp.cz\/\" target=\"_blank\" rel=\"noopener noreferrer\">\u010cesk\u00e1 pr\u016fmyslov\u00e1 zdravotn\u00ed poji\u0161\u0165ovna<\/a><\/h5>\n<p class=\"mod2\"><a href=\"http:\/\/www.cpzp.cz\/\" target=\"_blank\" rel=\"http:\/\/www.cpzp.cz\/ noopener noreferrer\"><img loading=\"lazy\" decoding=\"async\" class=\"alignnone\" src=\"http:\/\/www.oftimcare.cz\/images\/pojistovne\/ceska_prumyslova_zdravotni_pojistovna.png\" alt=\"\" width=\"233\" height=\"140\" border=\"0\" \/><\/a><\/p>\n<\/article>\n<\/div>\n<div class=\"col-sm-6 col-md-3\">\n<article>\n<h5><a href=\"http:\/\/www.ozp.cz\/\" target=\"_blank\" rel=\"noopener noreferrer\">Oborov\u00e1 zdravotn\u00ed poji\u0161\u0165ovna<\/a><\/h5>\n<p class=\"mod2\"><a href=\"http:\/\/www.ozp.cz\/\" target=\"_blank\" rel=\"http:\/\/www.ozp.cz\/ noopener noreferrer\"><img loading=\"lazy\" decoding=\"async\" class=\"alignnone\" src=\"http:\/\/www.oftimcare.cz\/images\/pojistovne\/odborova_zdravotni_pojistovna.png\" alt=\"\" width=\"233\" height=\"140\" border=\"0\" \/><\/a><\/p>\n<article><\/article>\n<\/article>\n<\/div>\n<div class=\"col-sm-6 col-md-3\">\n<article>\n<h5><a href=\"http:\/\/www.zpmvcr.cz\/\" target=\"_blank\" rel=\"noopener noreferrer\">Zdravotn\u00ed poji\u0161\u0165ovna ministerstva vnitra \u010cesk\u00e9 republiky<\/a><\/h5>\n<p class=\"mod2\"><a href=\"http:\/\/www.zpmvcr.cz\/\" target=\"_blank\" rel=\"http:\/\/www.zpmvcr.cz\/ noopener noreferrer\"><img loading=\"lazy\" decoding=\"async\" class=\"alignnone\" src=\"http:\/\/www.oftimcare.cz\/images\/pojistovne\/zdravotni_pojistovna_ministerstva_vnitra.jpg\" alt=\"\" width=\"233\" height=\"140\" border=\"0\" \/><\/a><\/p>\n<\/article>\n<\/div>\n<div class=\"col-sm-6 col-md-3\">\n<article>\n<h5><a href=\"http:\/\/www.rbp-zp.cz\/\" target=\"_blank\" rel=\"noopener noreferrer\">Rev\u00edrn\u00ed bratrsk\u00e1 pokladna, zdravotn\u00ed poji\u0161\u0165ovna<\/a><\/h5>\n<p class=\"mod2\"><a href=\"http:\/\/www.rbp-zp.cz\/\" target=\"_blank\" rel=\"http:\/\/www.rbp-zp.cz\/ noopener noreferrer\"><img loading=\"lazy\" decoding=\"async\" class=\"alignnone\" src=\"http:\/\/www.oftimcare.cz\/images\/pojistovne\/revizrni_bratska_pokladna.jpg\" alt=\"\" width=\"233\" height=\"140\" border=\"0\" \/><\/a><\/p>\n<\/article>\n<\/div>\n","protected":false},"excerpt":{"rendered":"<p>V\u0161eobecn\u00e1 zdravotn\u00ed poji\u0161\u0165ovna Vojensk\u00e1 zdravotn\u00ed poji\u0161\u0165ovna \u010cesk\u00e9 republiky \u010cesk\u00e1 pr\u016fmyslov\u00e1 zdravotn\u00ed poji\u0161\u0165ovna Oborov\u00e1 zdravotn\u00ed poji\u0161\u0165ovna Zdravotn\u00ed poji\u0161\u0165ovna ministerstva vnitra \u010cesk\u00e9 republiky Rev\u00edrn\u00ed bratrsk\u00e1 pokladna, zdravotn\u00ed poji\u0161\u0165ovna<\/p>\n","protected":false},"author":1,"featured_media":0,"parent":0,"menu_order":0,"comment_status":"closed","ping_status":"closed","template":"","meta":{"footnotes":""},"_links":{"self":[{"href":"http:\/\/ocnifm.cz\/index.php?rest_route=\/wp\/v2\/pages\/13"}],"collection":[{"href":"http:\/\/ocnifm.cz\/index.php?rest_route=\/wp\/v2\/pages"}],"about":[{"href":"http:\/\/ocnifm.cz\/index.php?rest_route=\/wp\/v2\/types\/page"}],"author":[{"embeddable":true,"href":"http:\/\/ocnifm.cz\/index.php?rest_route=\/wp\/v2\/users\/1"}],"replies":[{"embeddable":true,"href":"http:\/\/ocnifm.cz\/index.php?rest_route=%2Fwp%2Fv2%2Fcomments&post=13"}],"version-history":[{"count":4,"href":"http:\/\/ocnifm.cz\/index.php?rest_route=\/wp\/v2\/pages\/13\/revisions"}],"predecessor-version":[{"id":62,"href":"http:\/\/ocnifm.cz\/index.php?rest_route=\/wp\/v2\/pages\/13\/revisions\/62"}],"wp:attachment":[{"href":"http:\/\/ocnifm.cz\/index.php?rest_route=%2Fwp%2Fv2%2Fmedia&parent=13"}],"curies":[{"name":"wp","href":"https:\/\/api.w.org\/{rel}","templated":true}]}}